{"id":8,"date":"2019-06-07T07:29:50","date_gmt":"2019-06-07T05:29:50","guid":{"rendered":"https:\/\/abschiedsgesang.de\/?page_id=8"},"modified":"2020-03-18T17:46:55","modified_gmt":"2020-03-18T16:46:55","slug":"uta-budzinski-abschiedsgesang-trauergesang","status":"publish","type":"page","link":"https:\/\/abschiedsgesang.de\/","title":{"rendered":"Uta Budzinski &#8211; S\u00e4ngerin f\u00fcr Ihre Trauerfeier"},"content":{"rendered":"\n<div class=\"wp-block-group alignfull\"><div class=\"wp-block-group__inner-container is-layout-flow wp-block-group-is-layout-flow\">\n<div class=\"wp-block-media-text alignfull is-stacked-on-mobile is-vertically-aligned-top is-image-fill\" style=\"grid-template-columns:33% auto\"><figure class=\"wp-block-media-text__media\" style=\"background-image:url(https:\/\/abschiedsgesang.de\/wp-content\/uploads\/2020\/03\/P0C1425-2-1024x683.jpg);background-position:52.5% 31.343283582089555%\"><img loading=\"lazy\" decoding=\"async\" width=\"1024\" height=\"683\" src=\"https:\/\/abschiedsgesang.de\/wp-content\/uploads\/2020\/03\/P0C1425-2-1024x683.jpg\" alt=\"\" class=\"wp-image-120\" srcset=\"https:\/\/abschiedsgesang.de\/wp-content\/uploads\/2020\/03\/P0C1425-2-1024x683.jpg 1024w, https:\/\/abschiedsgesang.de\/wp-content\/uploads\/2020\/03\/P0C1425-2-300x200.jpg 300w, https:\/\/abschiedsgesang.de\/wp-content\/uploads\/2020\/03\/P0C1425-2-768x512.jpg 768w, https:\/\/abschiedsgesang.de\/wp-content\/uploads\/2020\/03\/P0C1425-2.jpg 1500w\" sizes=\"(max-width: 1024px) 100vw, 1024px\" \/><\/figure><div class=\"wp-block-media-text__content\">\n<p class=\"has-large-font-size\">Meine Stimme ist f\u00fcr Sie da.<\/p>\n\n\n\n<p>Dezent und friedlich begleite ich den Moment Ihres Abschieds mit Gesang und Gitarre.   <\/p>\n\n\n\n<p>Mit einem Lied m\u00f6chte ich Sie und Ihre\nAngeh\u00f6rigen unterst\u00fctzen, w\u00e4hrend Sie gemeinsam trauern.<\/p>\n\n\n\n<p>Eine echte Musikerin einzuladen ist ein Geschenk, eine w\u00fcrdevolle Geste, die Ihrer gemeinsamen Andacht eine besondere Kraft verleiht.<\/p>\n\n\n\n<p>Auf mein freundliches und professionelles Auftreten k\u00f6nnen Sie sich verlassen. <\/p>\n\n\n\n<p>Vertrauen Sie darauf, dass mein Gesang in Ihrem Sinne wirkt.  <\/p>\n<\/div><\/div>\n<\/div><\/div>\n\n\n\n<p><\/p>\n\n\n\n<div class=\"wp-block-group alignfull\"><div class=\"wp-block-group__inner-container is-layout-flow wp-block-group-is-layout-flow\">\n<div class=\"wp-block-group alignfull\"><div class=\"wp-block-group__inner-container is-layout-flow wp-block-group-is-layout-flow\">\n<div class=\"wp-block-group alignfull\"><div class=\"wp-block-group__inner-container is-layout-flow wp-block-group-is-layout-flow\">\n<div class=\"wp-block-media-text alignfull is-stacked-on-mobile is-image-fill\" style=\"grid-template-columns:31% auto\"><figure class=\"wp-block-media-text__media\" style=\"background-image:url(https:\/\/abschiedsgesang.de\/wp-content\/uploads\/2019\/06\/probe-1024x775.jpg);background-position:73% 39.473684210526315%\"><img loading=\"lazy\" decoding=\"async\" width=\"1024\" height=\"775\" src=\"https:\/\/abschiedsgesang.de\/wp-content\/uploads\/2019\/06\/probe-1024x775.jpg\" alt=\"\" class=\"wp-image-12\" srcset=\"https:\/\/abschiedsgesang.de\/wp-content\/uploads\/2019\/06\/probe-1024x775.jpg 1024w, https:\/\/abschiedsgesang.de\/wp-content\/uploads\/2019\/06\/probe-300x227.jpg 300w, https:\/\/abschiedsgesang.de\/wp-content\/uploads\/2019\/06\/probe-768x581.jpg 768w, https:\/\/abschiedsgesang.de\/wp-content\/uploads\/2019\/06\/probe.jpg 1560w\" sizes=\"(max-width: 1024px) 100vw, 1024px\" \/><\/figure><div class=\"wp-block-media-text__content\">\n<p class=\"has-large-font-size\">Repertoire<\/p>\n\n\n\n<p>Erfahrungsgem\u00e4\u00df \u00e4u\u00dfern Sie einen Liedwunsch: Meist interpretiere ich Lieblingsst\u00fccke, die zu Ihrem Anlass und zur Person passen.<\/p>\n\n\n\n<p>Eine weitere Variante ist, dass wir ein\nLied zum gemeinsamen Singen ausw\u00e4hlen. Dies kann ebenfalls sch\u00f6n\nsein und schafft auf behutsame Weise Halt unter den Anwesenden.<\/p>\n\n\n\n<p>Nat\u00fcrlich mache ich Ihnen auch gern\nVorschl\u00e4ge.<\/p>\n\n\n\n<p>Gemeinsam finden wir heraus, was f\u00fcr\nSie am stimmigsten ist! \n<\/p>\n\n\n\n<p>Bitte nehmen Sie einfach Kontakt mit\nmir auf.<\/p>\n\n\n\n<p>Herzlich, Ihre Uta Budzinski<\/p>\n\n\n\n<p> <\/p>\n<\/div><\/div>\n<\/div><\/div>\n<\/div><\/div>\n<\/div><\/div>\n\n\n\n<p><\/p>\n\n\n\n<div class=\"wp-block-media-text alignfull is-stacked-on-mobile is-image-fill\" style=\"grid-template-columns:30% auto\"><figure class=\"wp-block-media-text__media\" style=\"background-image:url(https:\/\/abschiedsgesang.de\/wp-content\/uploads\/2020\/03\/P0C1505-2-1024x651.jpg);background-position:49.5% 39.0625%\"><img loading=\"lazy\" decoding=\"async\" width=\"1024\" height=\"651\" src=\"https:\/\/abschiedsgesang.de\/wp-content\/uploads\/2020\/03\/P0C1505-2-1024x651.jpg\" alt=\"\" class=\"wp-image-135\" srcset=\"https:\/\/abschiedsgesang.de\/wp-content\/uploads\/2020\/03\/P0C1505-2-1024x651.jpg 1024w, https:\/\/abschiedsgesang.de\/wp-content\/uploads\/2020\/03\/P0C1505-2-300x191.jpg 300w, https:\/\/abschiedsgesang.de\/wp-content\/uploads\/2020\/03\/P0C1505-2-768x488.jpg 768w, https:\/\/abschiedsgesang.de\/wp-content\/uploads\/2020\/03\/P0C1505-2.jpg 1500w\" sizes=\"(max-width: 1024px) 100vw, 1024px\" \/><\/figure><div class=\"wp-block-media-text__content\">\n<p class=\"has-large-font-size\">H\u00f6rbeispiele<\/p>\n\n\n\n<iframe loading=\"lazy\" width=\"100%\" height=\"166\" scrolling=\"no\" frameborder=\"no\" allow=\"autoplay\" src=\"https:\/\/w.soundcloud.com\/player\/?url=https%3A\/\/api.soundcloud.com\/tracks\/614209677%3Fsecret_token%3Ds-kdOBV&amp;color=%23818181&amp;auto_play=false&amp;hide_related=false&amp;show_comments=true&amp;show_user=true&amp;show_reposts=false&amp;show_teaser=true\"><\/iframe>\n\n\n\n<iframe loading=\"lazy\" width=\"100%\" height=\"166\" scrolling=\"no\" frameborder=\"no\" allow=\"autoplay\" src=\"https:\/\/w.soundcloud.com\/player\/?url=https%3A\/\/api.soundcloud.com\/tracks\/614219781%3Fsecret_token%3Ds-2Yh1R&amp;color=%23686868&amp;auto_play=false&amp;hide_related=false&amp;show_comments=true&amp;show_user=true&amp;show_reposts=false&amp;show_teaser=true\"><\/iframe>\n<\/div><\/div>\n\n\n\n<p><\/p>\n\n\n\n<div class=\"wp-block-media-text alignfull is-stacked-on-mobile is-image-fill\" style=\"grid-template-columns:30% auto\"><figure class=\"wp-block-media-text__media\" style=\"background-image:url(https:\/\/abschiedsgesang.de\/wp-content\/uploads\/2020\/03\/hand-schreiben-maschine-1024x691.jpg);background-position:65% 58.95522388059702%\"><img loading=\"lazy\" decoding=\"async\" width=\"1024\" height=\"691\" src=\"https:\/\/abschiedsgesang.de\/wp-content\/uploads\/2020\/03\/hand-schreiben-maschine-1024x691.jpg\" alt=\"\" class=\"wp-image-139\" srcset=\"https:\/\/abschiedsgesang.de\/wp-content\/uploads\/2020\/03\/hand-schreiben-maschine-1024x691.jpg 1024w, https:\/\/abschiedsgesang.de\/wp-content\/uploads\/2020\/03\/hand-schreiben-maschine-300x202.jpg 300w, https:\/\/abschiedsgesang.de\/wp-content\/uploads\/2020\/03\/hand-schreiben-maschine-768x518.jpg 768w, https:\/\/abschiedsgesang.de\/wp-content\/uploads\/2020\/03\/hand-schreiben-maschine-1536x1036.jpg 1536w, https:\/\/abschiedsgesang.de\/wp-content\/uploads\/2020\/03\/hand-schreiben-maschine-1568x1058.jpg 1568w, https:\/\/abschiedsgesang.de\/wp-content\/uploads\/2020\/03\/hand-schreiben-maschine.jpg 1920w\" sizes=\"(max-width: 1024px) 100vw, 1024px\" \/><\/figure><div class=\"wp-block-media-text__content\">\n<p class=\"has-large-font-size\">Kontakt<\/p>\n\n\n\n<p>Uta Budzinski<\/p>\n\n\n\n<p>+ 49 1577 2520776<\/p>\n\n\n\n<p>uta.uthana@gmail.com<\/p>\n<\/div><\/div>\n\n\n\n<p><\/p>\n","protected":false},"excerpt":{"rendered":"<p>Meine Stimme ist f\u00fcr Sie da. Dezent und friedlich begleite ich den Moment Ihres Abschieds mit Gesang und Gitarre. Mit einem Lied m\u00f6chte ich Sie und Ihre Angeh\u00f6rigen unterst\u00fctzen, w\u00e4hrend Sie gemeinsam trauern. Eine echte Musikerin einzuladen ist ein Geschenk, eine w\u00fcrdevolle Geste, die Ihrer gemeinsamen Andacht eine besondere Kraft verleiht. Auf mein freundliches und &hellip; <\/p>\n<p class=\"link-more\"><a href=\"https:\/\/abschiedsgesang.de\/\" class=\"more-link\"><span class=\"screen-reader-text\">&#8222;Uta Budzinski &#8211; S\u00e4ngerin f\u00fcr Ihre Trauerfeier&#8220;<\/span> weiterlesen<\/a><\/p>\n","protected":false},"author":1,"featured_media":160,"parent":0,"menu_order":0,"comment_status":"closed","ping_status":"closed","template":"","meta":{"footnotes":""},"yoast_head":"<!-- This site is optimized with the Yoast SEO plugin v23.5 - https:\/\/yoast.com\/wordpress\/plugins\/seo\/ -->\n<title>Uta Budzinski - S\u00e4ngerin f\u00fcr Ihre Trauerfeier -<\/title>\n<meta name=\"robots\" content=\"index, follow, max-snippet:-1, max-image-preview:large, max-video-preview:-1\" \/>\n<link rel=\"canonical\" href=\"https:\/\/abschiedsgesang.de\/\" \/>\n<meta property=\"og:locale\" content=\"de_DE\" \/>\n<meta property=\"og:type\" content=\"article\" \/>\n<meta property=\"og:title\" content=\"Uta Budzinski - S\u00e4ngerin f\u00fcr Ihre Trauerfeier -\" \/>\n<meta property=\"og:description\" content=\"Meine Stimme ist f\u00fcr Sie da. Dezent und friedlich begleite ich den Moment Ihres Abschieds mit Gesang und Gitarre. Mit einem Lied m\u00f6chte ich Sie und Ihre Angeh\u00f6rigen unterst\u00fctzen, w\u00e4hrend Sie gemeinsam trauern. Eine echte Musikerin einzuladen ist ein Geschenk, eine w\u00fcrdevolle Geste, die Ihrer gemeinsamen Andacht eine besondere Kraft verleiht. Auf mein freundliches und &hellip; &quot;Uta Budzinski &#8211; S\u00e4ngerin f\u00fcr Ihre Trauerfeier&quot; weiterlesen\" \/>\n<meta property=\"og:url\" content=\"https:\/\/abschiedsgesang.de\/\" \/>\n<meta property=\"article:modified_time\" content=\"2020-03-18T16:46:55+00:00\" \/>\n<meta property=\"og:image\" content=\"https:\/\/abschiedsgesang.de\/wp-content\/uploads\/2020\/03\/P0C1412-4.jpg\" \/>\n\t<meta property=\"og:image:width\" content=\"1500\" \/>\n\t<meta property=\"og:image:height\" content=\"681\" \/>\n\t<meta property=\"og:image:type\" content=\"image\/jpeg\" \/>\n<meta name=\"twitter:card\" content=\"summary_large_image\" \/>\n<meta name=\"twitter:label1\" content=\"Gesch\u00e4tzte Lesezeit\" \/>\n\t<meta name=\"twitter:data1\" content=\"1\u00a0Minute\" \/>\n<script type=\"application\/ld+json\" class=\"yoast-schema-graph\">{\"@context\":\"https:\/\/schema.org\",\"@graph\":[{\"@type\":\"WebPage\",\"@id\":\"https:\/\/abschiedsgesang.de\/\",\"url\":\"https:\/\/abschiedsgesang.de\/\",\"name\":\"Uta Budzinski - S\u00e4ngerin f\u00fcr Ihre Trauerfeier -\",\"isPartOf\":{\"@id\":\"https:\/\/abschiedsgesang.de\/#website\"},\"primaryImageOfPage\":{\"@id\":\"https:\/\/abschiedsgesang.de\/#primaryimage\"},\"image\":{\"@id\":\"https:\/\/abschiedsgesang.de\/#primaryimage\"},\"thumbnailUrl\":\"https:\/\/abschiedsgesang.de\/wp-content\/uploads\/2020\/03\/P0C1412-4.jpg\",\"datePublished\":\"2019-06-07T05:29:50+00:00\",\"dateModified\":\"2020-03-18T16:46:55+00:00\",\"breadcrumb\":{\"@id\":\"https:\/\/abschiedsgesang.de\/#breadcrumb\"},\"inLanguage\":\"de\",\"potentialAction\":[{\"@type\":\"ReadAction\",\"target\":[\"https:\/\/abschiedsgesang.de\/\"]}]},{\"@type\":\"ImageObject\",\"inLanguage\":\"de\",\"@id\":\"https:\/\/abschiedsgesang.de\/#primaryimage\",\"url\":\"https:\/\/abschiedsgesang.de\/wp-content\/uploads\/2020\/03\/P0C1412-4.jpg\",\"contentUrl\":\"https:\/\/abschiedsgesang.de\/wp-content\/uploads\/2020\/03\/P0C1412-4.jpg\",\"width\":1500,\"height\":681},{\"@type\":\"BreadcrumbList\",\"@id\":\"https:\/\/abschiedsgesang.de\/#breadcrumb\",\"itemListElement\":[{\"@type\":\"ListItem\",\"position\":1,\"name\":\"Home\",\"item\":\"https:\/\/abschiedsgesang.de\/\"},{\"@type\":\"ListItem\",\"position\":2,\"name\":\"Uta Budzinski &#8211; S\u00e4ngerin f\u00fcr Ihre Trauerfeier\"}]},{\"@type\":\"WebSite\",\"@id\":\"https:\/\/abschiedsgesang.de\/#website\",\"url\":\"https:\/\/abschiedsgesang.de\/\",\"name\":\"\",\"description\":\"\",\"potentialAction\":[{\"@type\":\"SearchAction\",\"target\":{\"@type\":\"EntryPoint\",\"urlTemplate\":\"https:\/\/abschiedsgesang.de\/?s={search_term_string}\"},\"query-input\":{\"@type\":\"PropertyValueSpecification\",\"valueRequired\":true,\"valueName\":\"search_term_string\"}}],\"inLanguage\":\"de\"}]}<\/script>\n<!-- \/ Yoast SEO plugin. -->","yoast_head_json":{"title":"Uta Budzinski - S\u00e4ngerin f\u00fcr Ihre Trauerfeier -","robots":{"index":"index","follow":"follow","max-snippet":"max-snippet:-1","max-image-preview":"max-image-preview:large","max-video-preview":"max-video-preview:-1"},"canonical":"https:\/\/abschiedsgesang.de\/","og_locale":"de_DE","og_type":"article","og_title":"Uta Budzinski - S\u00e4ngerin f\u00fcr Ihre Trauerfeier -","og_description":"Meine Stimme ist f\u00fcr Sie da. Dezent und friedlich begleite ich den Moment Ihres Abschieds mit Gesang und Gitarre. Mit einem Lied m\u00f6chte ich Sie und Ihre Angeh\u00f6rigen unterst\u00fctzen, w\u00e4hrend Sie gemeinsam trauern. Eine echte Musikerin einzuladen ist ein Geschenk, eine w\u00fcrdevolle Geste, die Ihrer gemeinsamen Andacht eine besondere Kraft verleiht. Auf mein freundliches und &hellip; \"Uta Budzinski &#8211; S\u00e4ngerin f\u00fcr Ihre Trauerfeier\" weiterlesen","og_url":"https:\/\/abschiedsgesang.de\/","article_modified_time":"2020-03-18T16:46:55+00:00","og_image":[{"width":1500,"height":681,"url":"https:\/\/abschiedsgesang.de\/wp-content\/uploads\/2020\/03\/P0C1412-4.jpg","type":"image\/jpeg"}],"twitter_card":"summary_large_image","twitter_misc":{"Gesch\u00e4tzte Lesezeit":"1\u00a0Minute"},"schema":{"@context":"https:\/\/schema.org","@graph":[{"@type":"WebPage","@id":"https:\/\/abschiedsgesang.de\/","url":"https:\/\/abschiedsgesang.de\/","name":"Uta Budzinski - S\u00e4ngerin f\u00fcr Ihre Trauerfeier -","isPartOf":{"@id":"https:\/\/abschiedsgesang.de\/#website"},"primaryImageOfPage":{"@id":"https:\/\/abschiedsgesang.de\/#primaryimage"},"image":{"@id":"https:\/\/abschiedsgesang.de\/#primaryimage"},"thumbnailUrl":"https:\/\/abschiedsgesang.de\/wp-content\/uploads\/2020\/03\/P0C1412-4.jpg","datePublished":"2019-06-07T05:29:50+00:00","dateModified":"2020-03-18T16:46:55+00:00","breadcrumb":{"@id":"https:\/\/abschiedsgesang.de\/#breadcrumb"},"inLanguage":"de","potentialAction":[{"@type":"ReadAction","target":["https:\/\/abschiedsgesang.de\/"]}]},{"@type":"ImageObject","inLanguage":"de","@id":"https:\/\/abschiedsgesang.de\/#primaryimage","url":"https:\/\/abschiedsgesang.de\/wp-content\/uploads\/2020\/03\/P0C1412-4.jpg","contentUrl":"https:\/\/abschiedsgesang.de\/wp-content\/uploads\/2020\/03\/P0C1412-4.jpg","width":1500,"height":681},{"@type":"BreadcrumbList","@id":"https:\/\/abschiedsgesang.de\/#breadcrumb","itemListElement":[{"@type":"ListItem","position":1,"name":"Home","item":"https:\/\/abschiedsgesang.de\/"},{"@type":"ListItem","position":2,"name":"Uta Budzinski &#8211; S\u00e4ngerin f\u00fcr Ihre Trauerfeier"}]},{"@type":"WebSite","@id":"https:\/\/abschiedsgesang.de\/#website","url":"https:\/\/abschiedsgesang.de\/","name":"","description":"","potentialAction":[{"@type":"SearchAction","target":{"@type":"EntryPoint","urlTemplate":"https:\/\/abschiedsgesang.de\/?s={search_term_string}"},"query-input":{"@type":"PropertyValueSpecification","valueRequired":true,"valueName":"search_term_string"}}],"inLanguage":"de"}]}},"_links":{"self":[{"href":"https:\/\/abschiedsgesang.de\/index.php\/wp-json\/wp\/v2\/pages\/8"}],"collection":[{"href":"https:\/\/abschiedsgesang.de\/index.php\/wp-json\/wp\/v2\/pages"}],"about":[{"href":"https:\/\/abschiedsgesang.de\/index.php\/wp-json\/wp\/v2\/types\/page"}],"author":[{"embeddable":true,"href":"https:\/\/abschiedsgesang.de\/index.php\/wp-json\/wp\/v2\/users\/1"}],"replies":[{"embeddable":true,"href":"https:\/\/abschiedsgesang.de\/index.php\/wp-json\/wp\/v2\/comments?post=8"}],"version-history":[{"count":38,"href":"https:\/\/abschiedsgesang.de\/index.php\/wp-json\/wp\/v2\/pages\/8\/revisions"}],"predecessor-version":[{"id":159,"href":"https:\/\/abschiedsgesang.de\/index.php\/wp-json\/wp\/v2\/pages\/8\/revisions\/159"}],"wp:featuredmedia":[{"embeddable":true,"href":"https:\/\/abschiedsgesang.de\/index.php\/wp-json\/wp\/v2\/media\/160"}],"wp:attachment":[{"href":"https:\/\/abschiedsgesang.de\/index.php\/wp-json\/wp\/v2\/media?parent=8"}],"curies":[{"name":"wp","href":"https:\/\/api.w.org\/{rel}","templated":true}]}}